{"id":451,"date":"2015-07-28T11:23:22","date_gmt":"2015-07-28T09:23:22","guid":{"rendered":"http:\/\/blog.excursionguadeloupe.com\/?page_id=451"},"modified":"2018-02-10T15:24:42","modified_gmt":"2018-02-10T14:24:42","slug":"about","status":"publish","type":"page","link":"https:\/\/blog.excursionguadeloupe.com\/index.php\/about\/","title":{"rendered":"About"},"content":{"rendered":"<blockquote><p>Tarzan, 20 ans d\u00b4exp\u00e9rience, vous fait partager sa passion: la Guadeloupe<\/p><\/blockquote>\n<p>Dans une ambiance \u00ab petit comit\u00e9 \u00bb, venez vivre la Guadeloupe autrement<\/p>\n<p><strong>Laurent Freix<\/strong>, plus connu sous son nom de sc\u00e8ne \u00ab\u00a0Tarzan\u00a0\u00bb est un v\u00e9ritable passionn\u00e9 de la Guadeloupe, o\u00f9 il a enfin pos\u00e9 ses valises voici plus de 10 ans et o\u00f9 il r\u00e9side avec sa petite famille.<\/p>\n<p>Il a la chance de vivre de sa passion\u00a0; faire d\u00e9couvrir et partager de grands moments aux personnes qui lui confient l\u00b4organisation de leurs excursions.<\/p>\n<p>Soucieux du d\u00e9tail, de la qualit\u00e9 et du respect des horaires, il a su s\u00b4entourer des meilleurs professionnels de la Mer et des guides naturalistes les plus comp\u00e9tents de l\u00b4\u00eele.<\/p>\n<p>&nbsp;<\/p>\n<p>&nbsp;<\/p>\n<p>&nbsp;<\/p>\n","protected":false},"excerpt":{"rendered":"<p>Tarzan, 20 ans d\u00b4exp\u00e9rience, vous fait partager sa passion: la Guadeloupe Dans une ambiance \u00ab petit comit\u00e9 \u00bb, venez vivre la Guadeloupe autrement Laurent Freix, plus connu sous son nom de sc\u00e8ne \u00ab\u00a0Tarzan\u00a0\u00bb est un v\u00e9ritable passionn\u00e9 de la Guadeloupe, [&hellip;]<\/p>\n","protected":false},"author":1,"featured_media":447,"parent":0,"menu_order":0,"comment_status":"closed","ping_status":"closed","template":"","meta":{"footnotes":""},"class_list":["post-451","page","type-page","status-publish","has-post-thumbnail","hentry"],"yoast_head":"<!-- This site is optimized with the Yoast SEO plugin v26.1 - https:\/\/yoast.com\/wordpress\/plugins\/seo\/ -->\n<title>About - Excursion Guadeloupe Tarzan - Le Blog<\/title>\n<meta name=\"robots\" content=\"index, follow, max-snippet:-1, max-image-preview:large, max-video-preview:-1\" \/>\n<link rel=\"canonical\" href=\"https:\/\/blog.excursionguadeloupe.com\/index.php\/about\/\" \/>\n<meta property=\"og:locale\" content=\"fr_FR\" \/>\n<meta property=\"og:type\" content=\"article\" \/>\n<meta property=\"og:title\" content=\"About - Excursion Guadeloupe Tarzan - Le Blog\" \/>\n<meta property=\"og:description\" content=\"Tarzan, 20 ans d\u00b4exp\u00e9rience, vous fait partager sa passion: la Guadeloupe Dans une ambiance \u00ab petit comit\u00e9 \u00bb, venez vivre la Guadeloupe autrement Laurent Freix, plus connu sous son nom de sc\u00e8ne \u00ab\u00a0Tarzan\u00a0\u00bb est un v\u00e9ritable passionn\u00e9 de la Guadeloupe, [&hellip;]\" \/>\n<meta property=\"og:url\" content=\"https:\/\/blog.excursionguadeloupe.com\/index.php\/about\/\" \/>\n<meta property=\"og:site_name\" content=\"Excursion Guadeloupe Tarzan - Le Blog\" \/>\n<meta property=\"article:modified_time\" content=\"2018-02-10T14:24:42+00:00\" \/>\n<meta property=\"og:image\" content=\"https:\/\/blog.excursionguadeloupe.com\/wp-content\/uploads\/2018\/02\/4225a906-d190-4dd4-bd9e-2adb2af7792d-1.jpg\" \/>\n\t<meta property=\"og:image:width\" content=\"960\" \/>\n\t<meta property=\"og:image:height\" content=\"720\" \/>\n\t<meta property=\"og:image:type\" content=\"image\/jpeg\" \/>\n<meta name=\"twitter:card\" content=\"summary_large_image\" \/>\n<meta name=\"twitter:label1\" content=\"Dur\u00e9e de lecture estim\u00e9e\" \/>\n\t<meta name=\"twitter:data1\" content=\"1 minute\" \/>\n<script type=\"application\/ld+json\" class=\"yoast-schema-graph\">{\"@context\":\"https:\/\/schema.org\",\"@graph\":[{\"@type\":\"WebPage\",\"@id\":\"https:\/\/blog.excursionguadeloupe.com\/index.php\/about\/\",\"url\":\"https:\/\/blog.excursionguadeloupe.com\/index.php\/about\/\",\"name\":\"About - Excursion Guadeloupe Tarzan - Le Blog\",\"isPartOf\":{\"@id\":\"https:\/\/blog.excursionguadeloupe.com\/#website\"},\"primaryImageOfPage\":{\"@id\":\"https:\/\/blog.excursionguadeloupe.com\/index.php\/about\/#primaryimage\"},\"image\":{\"@id\":\"https:\/\/blog.excursionguadeloupe.com\/index.php\/about\/#primaryimage\"},\"thumbnailUrl\":\"https:\/\/blog.excursionguadeloupe.com\/wp-content\/uploads\/2018\/02\/4225a906-d190-4dd4-bd9e-2adb2af7792d-1.jpg\",\"datePublished\":\"2015-07-28T09:23:22+00:00\",\"dateModified\":\"2018-02-10T14:24:42+00:00\",\"breadcrumb\":{\"@id\":\"https:\/\/blog.excursionguadeloupe.com\/index.php\/about\/#breadcrumb\"},\"inLanguage\":\"fr-FR\",\"potentialAction\":[{\"@type\":\"ReadAction\",\"target\":[\"https:\/\/blog.excursionguadeloupe.com\/index.php\/about\/\"]}]},{\"@type\":\"ImageObject\",\"inLanguage\":\"fr-FR\",\"@id\":\"https:\/\/blog.excursionguadeloupe.com\/index.php\/about\/#primaryimage\",\"url\":\"https:\/\/blog.excursionguadeloupe.com\/wp-content\/uploads\/2018\/02\/4225a906-d190-4dd4-bd9e-2adb2af7792d-1.jpg\",\"contentUrl\":\"https:\/\/blog.excursionguadeloupe.com\/wp-content\/uploads\/2018\/02\/4225a906-d190-4dd4-bd9e-2adb2af7792d-1.jpg\",\"width\":960,\"height\":720},{\"@type\":\"BreadcrumbList\",\"@id\":\"https:\/\/blog.excursionguadeloupe.com\/index.php\/about\/#breadcrumb\",\"itemListElement\":[{\"@type\":\"ListItem\",\"position\":1,\"name\":\"Accueil\",\"item\":\"https:\/\/blog.excursionguadeloupe.com\/\"},{\"@type\":\"ListItem\",\"position\":2,\"name\":\"About\"}]},{\"@type\":\"WebSite\",\"@id\":\"https:\/\/blog.excursionguadeloupe.com\/#website\",\"url\":\"https:\/\/blog.excursionguadeloupe.com\/\",\"name\":\"Excursion Guadeloupe Tarzan - Le Blog\",\"description\":\"Des excursions en Guadeloupe.... en petit comit\u00e9\",\"potentialAction\":[{\"@type\":\"SearchAction\",\"target\":{\"@type\":\"EntryPoint\",\"urlTemplate\":\"https:\/\/blog.excursionguadeloupe.com\/?s={search_term_string}\"},\"query-input\":{\"@type\":\"PropertyValueSpecification\",\"valueRequired\":true,\"valueName\":\"search_term_string\"}}],\"inLanguage\":\"fr-FR\"}]}<\/script>\n<!-- \/ Yoast SEO plugin. -->","yoast_head_json":{"title":"About - Excursion Guadeloupe Tarzan - Le Blog","robots":{"index":"index","follow":"follow","max-snippet":"max-snippet:-1","max-image-preview":"max-image-preview:large","max-video-preview":"max-video-preview:-1"},"canonical":"https:\/\/blog.excursionguadeloupe.com\/index.php\/about\/","og_locale":"fr_FR","og_type":"article","og_title":"About - Excursion Guadeloupe Tarzan - Le Blog","og_description":"Tarzan, 20 ans d\u00b4exp\u00e9rience, vous fait partager sa passion: la Guadeloupe Dans une ambiance \u00ab petit comit\u00e9 \u00bb, venez vivre la Guadeloupe autrement Laurent Freix, plus connu sous son nom de sc\u00e8ne \u00ab\u00a0Tarzan\u00a0\u00bb est un v\u00e9ritable passionn\u00e9 de la Guadeloupe, [&hellip;]","og_url":"https:\/\/blog.excursionguadeloupe.com\/index.php\/about\/","og_site_name":"Excursion Guadeloupe Tarzan - Le Blog","article_modified_time":"2018-02-10T14:24:42+00:00","og_image":[{"width":960,"height":720,"url":"https:\/\/blog.excursionguadeloupe.com\/wp-content\/uploads\/2018\/02\/4225a906-d190-4dd4-bd9e-2adb2af7792d-1.jpg","type":"image\/jpeg"}],"twitter_card":"summary_large_image","twitter_misc":{"Dur\u00e9e de lecture estim\u00e9e":"1 minute"},"schema":{"@context":"https:\/\/schema.org","@graph":[{"@type":"WebPage","@id":"https:\/\/blog.excursionguadeloupe.com\/index.php\/about\/","url":"https:\/\/blog.excursionguadeloupe.com\/index.php\/about\/","name":"About - Excursion Guadeloupe Tarzan - Le Blog","isPartOf":{"@id":"https:\/\/blog.excursionguadeloupe.com\/#website"},"primaryImageOfPage":{"@id":"https:\/\/blog.excursionguadeloupe.com\/index.php\/about\/#primaryimage"},"image":{"@id":"https:\/\/blog.excursionguadeloupe.com\/index.php\/about\/#primaryimage"},"thumbnailUrl":"https:\/\/blog.excursionguadeloupe.com\/wp-content\/uploads\/2018\/02\/4225a906-d190-4dd4-bd9e-2adb2af7792d-1.jpg","datePublished":"2015-07-28T09:23:22+00:00","dateModified":"2018-02-10T14:24:42+00:00","breadcrumb":{"@id":"https:\/\/blog.excursionguadeloupe.com\/index.php\/about\/#breadcrumb"},"inLanguage":"fr-FR","potentialAction":[{"@type":"ReadAction","target":["https:\/\/blog.excursionguadeloupe.com\/index.php\/about\/"]}]},{"@type":"ImageObject","inLanguage":"fr-FR","@id":"https:\/\/blog.excursionguadeloupe.com\/index.php\/about\/#primaryimage","url":"https:\/\/blog.excursionguadeloupe.com\/wp-content\/uploads\/2018\/02\/4225a906-d190-4dd4-bd9e-2adb2af7792d-1.jpg","contentUrl":"https:\/\/blog.excursionguadeloupe.com\/wp-content\/uploads\/2018\/02\/4225a906-d190-4dd4-bd9e-2adb2af7792d-1.jpg","width":960,"height":720},{"@type":"BreadcrumbList","@id":"https:\/\/blog.excursionguadeloupe.com\/index.php\/about\/#breadcrumb","itemListElement":[{"@type":"ListItem","position":1,"name":"Accueil","item":"https:\/\/blog.excursionguadeloupe.com\/"},{"@type":"ListItem","position":2,"name":"About"}]},{"@type":"WebSite","@id":"https:\/\/blog.excursionguadeloupe.com\/#website","url":"https:\/\/blog.excursionguadeloupe.com\/","name":"Excursion Guadeloupe Tarzan - Le Blog","description":"Des excursions en Guadeloupe.... en petit comit\u00e9","potentialAction":[{"@type":"SearchAction","target":{"@type":"EntryPoint","urlTemplate":"https:\/\/blog.excursionguadeloupe.com\/?s={search_term_string}"},"query-input":{"@type":"PropertyValueSpecification","valueRequired":true,"valueName":"search_term_string"}}],"inLanguage":"fr-FR"}]}},"post_mailing_queue_ids":[],"_links":{"self":[{"href":"https:\/\/blog.excursionguadeloupe.com\/index.php\/wp-json\/wp\/v2\/pages\/451","targetHints":{"allow":["GET"]}}],"collection":[{"href":"https:\/\/blog.excursionguadeloupe.com\/index.php\/wp-json\/wp\/v2\/pages"}],"about":[{"href":"https:\/\/blog.excursionguadeloupe.com\/index.php\/wp-json\/wp\/v2\/types\/page"}],"author":[{"embeddable":true,"href":"https:\/\/blog.excursionguadeloupe.com\/index.php\/wp-json\/wp\/v2\/users\/1"}],"replies":[{"embeddable":true,"href":"https:\/\/blog.excursionguadeloupe.com\/index.php\/wp-json\/wp\/v2\/comments?post=451"}],"version-history":[{"count":2,"href":"https:\/\/blog.excursionguadeloupe.com\/index.php\/wp-json\/wp\/v2\/pages\/451\/revisions"}],"predecessor-version":[{"id":456,"href":"https:\/\/blog.excursionguadeloupe.com\/index.php\/wp-json\/wp\/v2\/pages\/451\/revisions\/456"}],"wp:featuredmedia":[{"embeddable":true,"href":"https:\/\/blog.excursionguadeloupe.com\/index.php\/wp-json\/wp\/v2\/media\/447"}],"wp:attachment":[{"href":"https:\/\/blog.excursionguadeloupe.com\/index.php\/wp-json\/wp\/v2\/media?parent=451"}],"curies":[{"name":"wp","href":"https:\/\/api.w.org\/{rel}","templated":true}]}}